{"id":947,"date":"2023-12-14T12:53:52","date_gmt":"2023-12-14T12:53:52","guid":{"rendered":"https:\/\/shpetimberishaarchitect.sharpgroup.co\/?page_id=947"},"modified":"2023-12-19T12:15:58","modified_gmt":"2023-12-19T12:15:58","slug":"media","status":"publish","type":"page","link":"https:\/\/shpetimberishaarchitect.sharpgroup.co\/index.php\/media\/","title":{"rendered":"Media"},"content":{"rendered":"\t\t<div data-elementor-type=\"wp-page\" data-elementor-id=\"947\" class=\"elementor elementor-947\" data-elementor-post-type=\"page\">\n\t\t\t\t\t\t\t\t\t<section class=\"elementor-section elementor-top-section elementor-element elementor-element-681e009 elementor-section-full_width elementor-section-height-default elementor-section-height-default\" data-id=\"681e009\" data-element_type=\"section\">\n\t\t\t\t\t\t<div class=\"elementor-container elementor-column-gap-default\">\n\t\t\t\t\t<div class=\"elementor-column elementor-col-100 elementor-top-column elementor-element elementor-element-4d5afa4\" data-id=\"4d5afa4\" data-element_type=\"column\">\n\t\t\t<div class=\"elementor-widget-wrap elementor-element-populated\">\n\t\t\t\t\t\t\t\t<div class=\"elementor-element elementor-element-a07b9b4 elementor-widget__width-initial elementor-widget elementor-widget-heading\" data-id=\"a07b9b4\" data-element_type=\"widget\" data-widget_type=\"heading.default\">\n\t\t\t\t<div class=\"elementor-widget-container\">\n\t\t\t<style>\/*! elementor - v3.16.0 - 13-09-2023 *\/\n.elementor-heading-title{padding:0;margin:0;line-height:1}.elementor-widget-heading .elementor-heading-title[class*=elementor-size-]>a{color:inherit;font-size:inherit;line-height:inherit}.elementor-widget-heading .elementor-heading-title.elementor-size-small{font-size:15px}.elementor-widget-heading .elementor-heading-title.elementor-size-medium{font-size:19px}.elementor-widget-heading .elementor-heading-title.elementor-size-large{font-size:29px}.elementor-widget-heading .elementor-heading-title.elementor-size-xl{font-size:39px}.elementor-widget-heading .elementor-heading-title.elementor-size-xxl{font-size:59px}<\/style><h2 class=\"elementor-heading-title elementor-size-default\">Media.<\/h2>\t\t<\/div>\n\t\t\t\t<\/div>\n\t\t\t\t<div class=\"elementor-element elementor-element-a2b147f elementor-widget__width-initial elementor-widget elementor-widget-heading\" data-id=\"a2b147f\" data-element_type=\"widget\" data-widget_type=\"heading.default\">\n\t\t\t\t<div class=\"elementor-widget-container\">\n\t\t\t<h2 class=\"elementor-heading-title elementor-size-default\"><a href=\"https:\/\/youtu.be\/6UekC4tUxv0?si=bpTCFO9hXEhnBhxM\">\"Dh\u00ebnia e tok\u00ebs p\u00ebr nd\u00ebrtim & Kaosi urbanistik\"<\/a><\/h2>\t\t<\/div>\n\t\t\t\t<\/div>\n\t\t\t\t<div class=\"elementor-element elementor-element-4afacff elementor-widget__width-initial elementor-widget elementor-widget-heading\" data-id=\"4afacff\" data-element_type=\"widget\" data-widget_type=\"heading.default\">\n\t\t\t\t<div class=\"elementor-widget-container\">\n\t\t\t<h2 class=\"elementor-heading-title elementor-size-default\">(2023) Tabu KTV<\/h2>\t\t<\/div>\n\t\t\t\t<\/div>\n\t\t\t\t<div class=\"elementor-element elementor-element-4700942 elementor-widget__width-initial elementor-widget elementor-widget-heading\" data-id=\"4700942\" data-element_type=\"widget\" data-widget_type=\"heading.default\">\n\t\t\t\t<div class=\"elementor-widget-container\">\n\t\t\t<h2 class=\"elementor-heading-title elementor-size-default\"><a href=\"https:\/\/ndertimi.info\/arkiva\/memoriali-berisha-per-tiu-pushuar-shpirtin-te-gjalleve-per-ata-qe-u-vrane-video\/\">\"Berisha Memorial\"<\/a><\/h2>\t\t<\/div>\n\t\t\t\t<\/div>\n\t\t\t\t<div class=\"elementor-element elementor-element-a3db7ed elementor-widget__width-initial elementor-widget elementor-widget-heading\" data-id=\"a3db7ed\" data-element_type=\"widget\" data-widget_type=\"heading.default\">\n\t\t\t\t<div class=\"elementor-widget-container\">\n\t\t\t<h2 class=\"elementor-heading-title elementor-size-default\">(2018) Ndertimi Info<\/h2>\t\t<\/div>\n\t\t\t\t<\/div>\n\t\t\t\t\t<\/div>\n\t\t<\/div>\n\t\t\t\t\t\t\t<\/div>\n\t\t<\/section>\n\t\t\t\t\t\t\t<\/div>\n\t\t","protected":false},"excerpt":{"rendered":"<p>Media. &#8220;Dh\u00ebnia e tok\u00ebs p\u00ebr nd\u00ebrtim &#038; Kaosi urbanistik&#8221; (2023) Tabu KTV &#8220;Berisha Memorial&#8221; (2018) Ndertimi Info<\/p>\n","protected":false},"author":1,"featured_media":0,"parent":0,"menu_order":0,"comment_status":"closed","ping_status":"closed","template":"elementor_header_footer","meta":{"footnotes":""},"_links":{"self":[{"href":"https:\/\/shpetimberishaarchitect.sharpgroup.co\/index.php\/wp-json\/wp\/v2\/pages\/947"}],"collection":[{"href":"https:\/\/shpetimberishaarchitect.sharpgroup.co\/index.php\/wp-json\/wp\/v2\/pages"}],"about":[{"href":"https:\/\/shpetimberishaarchitect.sharpgroup.co\/index.php\/wp-json\/wp\/v2\/types\/page"}],"author":[{"embeddable":true,"href":"https:\/\/shpetimberishaarchitect.sharpgroup.co\/index.php\/wp-json\/wp\/v2\/users\/1"}],"replies":[{"embeddable":true,"href":"https:\/\/shpetimberishaarchitect.sharpgroup.co\/index.php\/wp-json\/wp\/v2\/comments?post=947"}],"version-history":[{"count":49,"href":"https:\/\/shpetimberishaarchitect.sharpgroup.co\/index.php\/wp-json\/wp\/v2\/pages\/947\/revisions"}],"predecessor-version":[{"id":1165,"href":"https:\/\/shpetimberishaarchitect.sharpgroup.co\/index.php\/wp-json\/wp\/v2\/pages\/947\/revisions\/1165"}],"wp:attachment":[{"href":"https:\/\/shpetimberishaarchitect.sharpgroup.co\/index.php\/wp-json\/wp\/v2\/media?parent=947"}],"curies":[{"name":"wp","href":"https:\/\/api.w.org\/{rel}","templated":true}]}}