{"id":561,"date":"2023-10-30T22:50:17","date_gmt":"2023-10-30T22:50:17","guid":{"rendered":"https:\/\/shpetimberishaarchitect.sharpgroup.co\/?page_id=561"},"modified":"2023-12-18T14:46:40","modified_gmt":"2023-12-18T14:46:40","slug":"exhibitions","status":"publish","type":"page","link":"https:\/\/shpetimberishaarchitect.sharpgroup.co\/index.php\/exhibitions\/","title":{"rendered":"Exhibitions"},"content":{"rendered":"\t\t<div data-elementor-type=\"wp-page\" data-elementor-id=\"561\" class=\"elementor elementor-561\" data-elementor-post-type=\"page\">\n\t\t\t\t\t\t\t\t\t<section class=\"elementor-section elementor-top-section elementor-element elementor-element-36093e9 elementor-section-full_width elementor-section-height-default elementor-section-height-default\" data-id=\"36093e9\" data-element_type=\"section\">\n\t\t\t\t\t\t<div class=\"elementor-container elementor-column-gap-default\">\n\t\t\t\t\t<div class=\"elementor-column elementor-col-100 elementor-top-column elementor-element elementor-element-c1f08fb\" data-id=\"c1f08fb\" data-element_type=\"column\">\n\t\t\t<div class=\"elementor-widget-wrap elementor-element-populated\">\n\t\t\t\t\t\t\t\t<div class=\"elementor-element elementor-element-476b205 elementor-widget__width-initial elementor-widget elementor-widget-heading\" data-id=\"476b205\" data-element_type=\"widget\" data-widget_type=\"heading.default\">\n\t\t\t\t<div class=\"elementor-widget-container\">\n\t\t\t<style>\/*! elementor - v3.16.0 - 13-09-2023 *\/\n.elementor-heading-title{padding:0;margin:0;line-height:1}.elementor-widget-heading .elementor-heading-title[class*=elementor-size-]>a{color:inherit;font-size:inherit;line-height:inherit}.elementor-widget-heading .elementor-heading-title.elementor-size-small{font-size:15px}.elementor-widget-heading .elementor-heading-title.elementor-size-medium{font-size:19px}.elementor-widget-heading .elementor-heading-title.elementor-size-large{font-size:29px}.elementor-widget-heading .elementor-heading-title.elementor-size-xl{font-size:39px}.elementor-widget-heading .elementor-heading-title.elementor-size-xxl{font-size:59px}<\/style><h2 class=\"elementor-heading-title elementor-size-default\">Exhibitions.<\/h2>\t\t<\/div>\n\t\t\t\t<\/div>\n\t\t\t\t\t<\/div>\n\t\t<\/div>\n\t\t\t\t\t\t\t<\/div>\n\t\t<\/section>\n\t\t\t\t<section class=\"elementor-section elementor-top-section elementor-element elementor-element-1666a39 elementor-section-full_width elementor-section-height-default elementor-section-height-default\" data-id=\"1666a39\" data-element_type=\"section\">\n\t\t\t\t\t\t<div class=\"elementor-container elementor-column-gap-default\">\n\t\t\t\t\t<div class=\"elementor-column elementor-col-100 elementor-top-column elementor-element elementor-element-b265453\" data-id=\"b265453\" data-element_type=\"column\">\n\t\t\t<div class=\"elementor-widget-wrap elementor-element-populated\">\n\t\t\t\t\t\t\t\t<div class=\"elementor-element elementor-element-4dd6806 elementor-widget__width-initial elementor-widget elementor-widget-heading\" data-id=\"4dd6806\" data-element_type=\"widget\" data-widget_type=\"heading.default\">\n\t\t\t\t<div class=\"elementor-widget-container\">\n\t\t\t<h2 class=\"elementor-heading-title elementor-size-default\">Asociacioni i Arkitekt\u00ebve t\u00eb Kosov\u00ebs (AAK), njofton se p\u00ebr her\u00eb t\u00eb par\u00eb n\u00eb historin\u00eb e Arkitektur\u00ebs Kosovare, Asociacioni me suksesin m\u00eb t\u00eb madh u p\u00ebrfaq\u00ebsua n\u00eb Konferencen Ballkanike te Arkitektures me temen \"Arkitektura dhe Zhvillimi Urban ne Ballkan\" q\u00eb u mbajt\nme 16 dhe 17 Qershor 2011 n\u00eb Stamboll si dhe n\u00eb takimin regjional te Kryetar\u00ebve nga rajoni i Il-te, UTA-s\u00eb q\u00eb perfshin\u00eb Evropen Lindore dhe Azin\u00eb. \n\nKemi k\u00ebnaq\u00ebsin\u00eb t\u00eb konfirmojm\u00eb se n\u00eb tem\u00ebn e Koferences;\n\"Zhvillimet Arkitekturale dhe\nkontekstin e pershtatshmerise urbane\" u perfaq\u00ebsua edhe Arkitetkura e Kosoves dhe n\u00eb mesin e\nprojekteve te prozantuara ka gene edhe projekti \"Lokali i Bardhe\" nga Shp\u00ebtim Berisha, Inxhinier i Diplmuar i Arkitektures.<\/h2>\t\t<\/div>\n\t\t\t\t<\/div>\n\t\t\t\t<div class=\"elementor-element elementor-element-71f3130 elementor-widget__width-initial elementor-widget elementor-widget-heading\" data-id=\"71f3130\" data-element_type=\"widget\" data-widget_type=\"heading.default\">\n\t\t\t\t<div class=\"elementor-widget-container\">\n\t\t\t<h2 class=\"elementor-heading-title elementor-size-default\"><a href=\"http:\/\/balkanarchconference.org\/\">http:\/\/balkanarchconference.org\/<\/a><\/h2>\t\t<\/div>\n\t\t\t\t<\/div>\n\t\t\t\t<div class=\"elementor-element elementor-element-c60dbd6 elementor-widget__width-initial elementor-widget elementor-widget-heading\" data-id=\"c60dbd6\" data-element_type=\"widget\" data-widget_type=\"heading.default\">\n\t\t\t\t<div class=\"elementor-widget-container\">\n\t\t\t<h2 class=\"elementor-heading-title elementor-size-default\">STREET PHOTOGRAPHY\nFOKUS Award \u2013 international contest of artistic photography<\/h2>\t\t<\/div>\n\t\t\t\t<\/div>\n\t\t\t\t<div class=\"elementor-element elementor-element-a4edee1 elementor-widget__width-initial elementor-widget elementor-widget-heading\" data-id=\"a4edee1\" data-element_type=\"widget\" data-widget_type=\"heading.default\">\n\t\t\t\t<div class=\"elementor-widget-container\">\n\t\t\t<h2 class=\"elementor-heading-title elementor-size-default\"><a href=\"https:\/\/www.fokusaward.com\/en\/\">https:\/\/www.fokusaward.com\/en\/<\/a><\/h2>\t\t<\/div>\n\t\t\t\t<\/div>\n\t\t\t\t\t<\/div>\n\t\t<\/div>\n\t\t\t\t\t\t\t<\/div>\n\t\t<\/section>\n\t\t\t\t\t\t\t<\/div>\n\t\t","protected":false},"excerpt":{"rendered":"<p>Exhibitions. Asociacioni i Arkitekt\u00ebve t\u00eb Kosov\u00ebs (AAK), njofton se p\u00ebr her\u00eb t\u00eb par\u00eb n\u00eb historin\u00eb e Arkitektur\u00ebs Kosovare, Asociacioni me suksesin m\u00eb t\u00eb madh u p\u00ebrfaq\u00ebsua n\u00eb Konferencen Ballkanike te Arkitektures me temen &#8220;Arkitektura dhe Zhvillimi Urban ne Ballkan&#8221; q\u00eb u mbajt me 16 dhe 17 Qershor 2011 n\u00eb Stamboll si dhe n\u00eb takimin regjional [&hellip;]<\/p>\n","protected":false},"author":1,"featured_media":0,"parent":0,"menu_order":0,"comment_status":"closed","ping_status":"closed","template":"elementor_header_footer","meta":{"footnotes":""},"_links":{"self":[{"href":"https:\/\/shpetimberishaarchitect.sharpgroup.co\/index.php\/wp-json\/wp\/v2\/pages\/561"}],"collection":[{"href":"https:\/\/shpetimberishaarchitect.sharpgroup.co\/index.php\/wp-json\/wp\/v2\/pages"}],"about":[{"href":"https:\/\/shpetimberishaarchitect.sharpgroup.co\/index.php\/wp-json\/wp\/v2\/types\/page"}],"author":[{"embeddable":true,"href":"https:\/\/shpetimberishaarchitect.sharpgroup.co\/index.php\/wp-json\/wp\/v2\/users\/1"}],"replies":[{"embeddable":true,"href":"https:\/\/shpetimberishaarchitect.sharpgroup.co\/index.php\/wp-json\/wp\/v2\/comments?post=561"}],"version-history":[{"count":34,"href":"https:\/\/shpetimberishaarchitect.sharpgroup.co\/index.php\/wp-json\/wp\/v2\/pages\/561\/revisions"}],"predecessor-version":[{"id":1130,"href":"https:\/\/shpetimberishaarchitect.sharpgroup.co\/index.php\/wp-json\/wp\/v2\/pages\/561\/revisions\/1130"}],"wp:attachment":[{"href":"https:\/\/shpetimberishaarchitect.sharpgroup.co\/index.php\/wp-json\/wp\/v2\/media?parent=561"}],"curies":[{"name":"wp","href":"https:\/\/api.w.org\/{rel}","templated":true}]}}