{"id":268,"date":"2023-09-15T07:19:35","date_gmt":"2023-09-15T07:19:35","guid":{"rendered":"https:\/\/shpetimberishaarchitect.sharpgroup.co\/?page_id=268"},"modified":"2023-12-22T14:24:42","modified_gmt":"2023-12-22T14:24:42","slug":"services","status":"publish","type":"page","link":"https:\/\/shpetimberishaarchitect.sharpgroup.co\/index.php\/services\/","title":{"rendered":"Publications"},"content":{"rendered":"\t\t<div data-elementor-type=\"wp-page\" data-elementor-id=\"268\" class=\"elementor elementor-268\" data-elementor-post-type=\"page\">\n\t\t\t\t\t\t\t\t\t<section class=\"elementor-section elementor-top-section elementor-element elementor-element-e1e93c6 elementor-section-full_width elementor-section-height-default elementor-section-height-default\" data-id=\"e1e93c6\" data-element_type=\"section\">\n\t\t\t\t\t\t<div class=\"elementor-container elementor-column-gap-default\">\n\t\t\t\t\t<div class=\"elementor-column elementor-col-100 elementor-top-column elementor-element elementor-element-c7a7903\" data-id=\"c7a7903\" data-element_type=\"column\">\n\t\t\t<div class=\"elementor-widget-wrap elementor-element-populated\">\n\t\t\t\t\t\t\t\t<div class=\"elementor-element elementor-element-1d3fc0b elementor-widget__width-initial elementor-widget elementor-widget-heading\" data-id=\"1d3fc0b\" data-element_type=\"widget\" data-widget_type=\"heading.default\">\n\t\t\t\t<div class=\"elementor-widget-container\">\n\t\t\t<style>\/*! elementor - v3.16.0 - 13-09-2023 *\/\n.elementor-heading-title{padding:0;margin:0;line-height:1}.elementor-widget-heading .elementor-heading-title[class*=elementor-size-]>a{color:inherit;font-size:inherit;line-height:inherit}.elementor-widget-heading .elementor-heading-title.elementor-size-small{font-size:15px}.elementor-widget-heading .elementor-heading-title.elementor-size-medium{font-size:19px}.elementor-widget-heading .elementor-heading-title.elementor-size-large{font-size:29px}.elementor-widget-heading .elementor-heading-title.elementor-size-xl{font-size:39px}.elementor-widget-heading .elementor-heading-title.elementor-size-xxl{font-size:59px}<\/style><h2 class=\"elementor-heading-title elementor-size-default\">Publications.<\/h2>\t\t<\/div>\n\t\t\t\t<\/div>\n\t\t\t\t\t<\/div>\n\t\t<\/div>\n\t\t\t\t\t\t\t<\/div>\n\t\t<\/section>\n\t\t\t\t<section class=\"elementor-section elementor-top-section elementor-element elementor-element-7ef2f34 elementor-section-full_width elementor-section-height-default elementor-section-height-default\" data-id=\"7ef2f34\" data-element_type=\"section\">\n\t\t\t\t\t\t<div class=\"elementor-container elementor-column-gap-default\">\n\t\t\t\t\t<div class=\"elementor-column elementor-col-100 elementor-top-column elementor-element elementor-element-aad4cec\" data-id=\"aad4cec\" data-element_type=\"column\">\n\t\t\t<div class=\"elementor-widget-wrap elementor-element-populated\">\n\t\t\t\t\t\t\t\t<div class=\"elementor-element elementor-element-8a11785 elementor-widget__width-initial elementor-widget elementor-widget-heading\" data-id=\"8a11785\" data-element_type=\"widget\" data-widget_type=\"heading.default\">\n\t\t\t\t<div class=\"elementor-widget-container\">\n\t\t\t<h2 class=\"elementor-heading-title elementor-size-default\"><a href=\"https:\/\/gazetametro.net\/hapesirat-publike\/?fbclid=IwAR0SVo7_32rP34LEjQD6UrcO9v0hYqDQGyS12QWaQBTpbsPaZa6TB7_-1Ls\">\"Shteti Kaotik\"<\/a><\/h2>\t\t<\/div>\n\t\t\t\t<\/div>\n\t\t\t\t<div class=\"elementor-element elementor-element-cf60746 elementor-widget__width-initial elementor-widget elementor-widget-heading\" data-id=\"cf60746\" data-element_type=\"widget\" data-widget_type=\"heading.default\">\n\t\t\t\t<div class=\"elementor-widget-container\">\n\t\t\t<h2 class=\"elementor-heading-title elementor-size-default\">(2010) Koha Ditore<\/h2>\t\t<\/div>\n\t\t\t\t<\/div>\n\t\t\t\t<div class=\"elementor-element elementor-element-9973615 elementor-widget__width-initial elementor-widget elementor-widget-heading\" data-id=\"9973615\" data-element_type=\"widget\" data-widget_type=\"heading.default\">\n\t\t\t\t<div class=\"elementor-widget-container\">\n\t\t\t<h2 class=\"elementor-heading-title elementor-size-default\"><a href=\"https:\/\/gazetametro.net\/hapesirat-publike\/?fbclid=IwAR0SVo7_32rP34LEjQD6UrcO9v0hYqDQGyS12QWaQBTpbsPaZa6TB7_-1Ls\">\"Hap\u00ebsira Publike\"<\/a><\/h2>\t\t<\/div>\n\t\t\t\t<\/div>\n\t\t\t\t<div class=\"elementor-element elementor-element-12cf018 elementor-widget__width-initial elementor-widget elementor-widget-heading\" data-id=\"12cf018\" data-element_type=\"widget\" data-widget_type=\"heading.default\">\n\t\t\t\t<div class=\"elementor-widget-container\">\n\t\t\t<h2 class=\"elementor-heading-title elementor-size-default\">(2020) Gazeta Metro<\/h2>\t\t<\/div>\n\t\t\t\t<\/div>\n\t\t\t\t<div class=\"elementor-element elementor-element-05f5cb7 elementor-widget__width-initial elementor-widget elementor-widget-heading\" data-id=\"05f5cb7\" data-element_type=\"widget\" data-widget_type=\"heading.default\">\n\t\t\t\t<div class=\"elementor-widget-container\">\n\t\t\t<h2 class=\"elementor-heading-title elementor-size-default\"><a href=\"https:\/\/ndertimi.info\/arkiva\/te-krijuarit-shabllon\/?fbclid=IwAR3qu_lHWebbXU9GiehICiFfsMF1egtOhEzn1Nt1dJsSZyGNn5FXNLAV6kk\">\"T\u00eb Krijuarit Shabllon\"<\/a><\/h2>\t\t<\/div>\n\t\t\t\t<\/div>\n\t\t\t\t<div class=\"elementor-element elementor-element-a500fb7 elementor-widget__width-initial elementor-widget elementor-widget-heading\" data-id=\"a500fb7\" data-element_type=\"widget\" data-widget_type=\"heading.default\">\n\t\t\t\t<div class=\"elementor-widget-container\">\n\t\t\t<h2 class=\"elementor-heading-title elementor-size-default\">(2016) Portali Nd\u00ebrtimi<\/h2>\t\t<\/div>\n\t\t\t\t<\/div>\n\t\t\t\t<div class=\"elementor-element elementor-element-65f6664 elementor-widget__width-initial elementor-widget elementor-widget-heading\" data-id=\"65f6664\" data-element_type=\"widget\" data-widget_type=\"heading.default\">\n\t\t\t\t<div class=\"elementor-widget-container\">\n\t\t\t<h2 class=\"elementor-heading-title elementor-size-default\"><a href=\"https:\/\/gazetametro.net\/njeriu-shoqeria-dhe-urbanizmi\/\">\"Njeriu, shoq\u00ebria dhe Urbanizmi\"<\/a><\/h2>\t\t<\/div>\n\t\t\t\t<\/div>\n\t\t\t\t<div class=\"elementor-element elementor-element-60ec46f elementor-widget__width-initial elementor-widget elementor-widget-heading\" data-id=\"60ec46f\" data-element_type=\"widget\" data-widget_type=\"heading.default\">\n\t\t\t\t<div class=\"elementor-widget-container\">\n\t\t\t<h2 class=\"elementor-heading-title elementor-size-default\">(2018) Gazeta Metro<\/h2>\t\t<\/div>\n\t\t\t\t<\/div>\n\t\t\t\t<div class=\"elementor-element elementor-element-4404b96 elementor-widget__width-initial elementor-widget elementor-widget-heading\" data-id=\"4404b96\" data-element_type=\"widget\" data-widget_type=\"heading.default\">\n\t\t\t\t<div class=\"elementor-widget-container\">\n\t\t\t<h2 class=\"elementor-heading-title elementor-size-default\"><a href=\"https:\/\/www.gazetametro.net\/egoja-e-grupeve-politike\/\">\"Egoja e grupeve politike\"<\/a><\/h2>\t\t<\/div>\n\t\t\t\t<\/div>\n\t\t\t\t<div class=\"elementor-element elementor-element-21dc433 elementor-widget__width-initial elementor-widget elementor-widget-heading\" data-id=\"21dc433\" data-element_type=\"widget\" data-widget_type=\"heading.default\">\n\t\t\t\t<div class=\"elementor-widget-container\">\n\t\t\t<h2 class=\"elementor-heading-title elementor-size-default\">(2019) Gazeta Metro<\/h2>\t\t<\/div>\n\t\t\t\t<\/div>\n\t\t\t\t\t<\/div>\n\t\t<\/div>\n\t\t\t\t\t\t\t<\/div>\n\t\t<\/section>\n\t\t\t\t\t\t\t<\/div>\n\t\t","protected":false},"excerpt":{"rendered":"<p>Publications. &#8220;Shteti Kaotik&#8221; (2010) Koha Ditore &#8220;Hap\u00ebsira Publike&#8221; (2020) Gazeta Metro &#8220;T\u00eb Krijuarit Shabllon&#8221; (2016) Portali Nd\u00ebrtimi &#8220;Njeriu, shoq\u00ebria dhe Urbanizmi&#8221; (2018) Gazeta Metro &#8220;Egoja e grupeve politike&#8221; (2019) Gazeta Metro<\/p>\n","protected":false},"author":1,"featured_media":0,"parent":0,"menu_order":0,"comment_status":"closed","ping_status":"closed","template":"elementor_header_footer","meta":{"footnotes":""},"_links":{"self":[{"href":"https:\/\/shpetimberishaarchitect.sharpgroup.co\/index.php\/wp-json\/wp\/v2\/pages\/268"}],"collection":[{"href":"https:\/\/shpetimberishaarchitect.sharpgroup.co\/index.php\/wp-json\/wp\/v2\/pages"}],"about":[{"href":"https:\/\/shpetimberishaarchitect.sharpgroup.co\/index.php\/wp-json\/wp\/v2\/types\/page"}],"author":[{"embeddable":true,"href":"https:\/\/shpetimberishaarchitect.sharpgroup.co\/index.php\/wp-json\/wp\/v2\/users\/1"}],"replies":[{"embeddable":true,"href":"https:\/\/shpetimberishaarchitect.sharpgroup.co\/index.php\/wp-json\/wp\/v2\/comments?post=268"}],"version-history":[{"count":44,"href":"https:\/\/shpetimberishaarchitect.sharpgroup.co\/index.php\/wp-json\/wp\/v2\/pages\/268\/revisions"}],"predecessor-version":[{"id":1304,"href":"https:\/\/shpetimberishaarchitect.sharpgroup.co\/index.php\/wp-json\/wp\/v2\/pages\/268\/revisions\/1304"}],"wp:attachment":[{"href":"https:\/\/shpetimberishaarchitect.sharpgroup.co\/index.php\/wp-json\/wp\/v2\/media?parent=268"}],"curies":[{"name":"wp","href":"https:\/\/api.w.org\/{rel}","templated":true}]}}